{"id":262,"date":"2013-12-11T10:36:13","date_gmt":"2013-12-11T10:36:13","guid":{"rendered":"https:\/\/multistation.com.br\/site\/revolution-slider\/"},"modified":"2020-10-04T10:55:14","modified_gmt":"2020-10-04T13:55:14","slug":"revolution-slider","status":"publish","type":"page","link":"https:\/\/multistation.com.br\/site\/","title":{"rendered":"Revolution Slider"},"content":{"rendered":"<section  class=\"section swatch-multistation-swatch section-tiny \" ><div class=\"background-media\"><\/div><div class=\"background-overlay\" style=\"\"><\/div><div class=\"container\"><div class=\"row vertical-top\"><div class=\"col-md-12  text-default\" >[rev_slider_vc alias=&#8221;home&#8221;]<\/div><\/div><\/div><\/section><section  class=\"section swatch-multistation-swatch-white-background-with-red-elements section-normal has-top \" ><div class=\"decor-top\"><svg class=\"decor\" height=\"100%\" preserveaspectratio=\"none\" version=\"1.1\" viewbox=\"0 0 100 100\" width=\"100%\" xmlns=\"http:\/\/www.w3.org\/2000\/svg\">\n  <path d=\"M0 0 L50 100 L100 0 L100 100 L0 100\" stroke-width=\"0\"><\/path>\n<\/svg>\n<\/div><div class=\"background-media\"><\/div><div class=\"background-overlay\" style=\"\"><\/div><div class=\"container\"><header class=\"section-header text-center underline\"><h1 class=\"headline super hairline\">Servi\u00e7os Oferecidos<\/h1><p>A multistation oferece v\u00e1rios tipos de servi\u00e7os, entre esses, os principais s\u00e3o:<\/p><\/header><div class=\"row vertical-top\"><div class=\"col-md-12  text-default\" ><ul class=\"list-unstyled row  box-list\">     <li class=\"col-md-3\">\n            <div class=\"box-round box-medium\"><div class=\"box-dummy\"><\/div><a class=\"box-inner\" href=\"https:\/\/multistation.com.br\/site\/about-us\/\" target=\"_self\"><i class=\"fa fa-print\" data-animation=\"bounce\"><\/i><\/a><\/div>                <h3 class=\"text-center\">\n                    <a href=\"https:\/\/multistation.com.br\/site\/about-us\/\"  target=\"_self\">\n                    Informatica                    <\/a>\n                <\/h3>\n                <p class=\"text-center\">\n        Impress\u00e3o, Xerox, segunda via de documentos, agendamentos online, entre outros.        <\/p>\n            <\/li>\n    <li class=\"col-md-3\">\n            <div class=\"box-round box-medium\"><div class=\"box-dummy\"><\/div><a class=\"box-inner\" href=\"https:\/\/multistation.com.br\/site\/about-us\/\" target=\"_self\"><i class=\"fa fa-gamepad\" data-animation=\"swing\"><\/i><\/a><\/div>                <h3 class=\"text-center\">\n                    <a href=\"https:\/\/multistation.com.br\/site\/about-us\/\"  target=\"_self\">\n                    Games                    <\/a>\n                <\/h3>\n                <p class=\"text-center\">\n        Jogue os melhores jogos desde a gera\u00e7\u00e3o antiga aos games atuais.         <\/p>\n            <\/li>\n    <li class=\"col-md-3\">\n            <div class=\"box-round box-medium\"><div class=\"box-dummy\"><\/div><a class=\"box-inner\" href=\"https:\/\/multistation.com.br\/site\/about-us\/\" target=\"_self\"><i class=\"fa fa-laptop\" data-animation=\"shake\"><\/i><\/a><\/div>                <h3 class=\"text-center\">\n                    <a href=\"https:\/\/multistation.com.br\/site\/about-us\/\"  target=\"_self\">\n                    Lan House                    <\/a>\n                <\/h3>\n                <p class=\"text-center\">\n        Navegue na internet de excelente velocidade e jogue aquele game favorito de PC.        <\/p>\n            <\/li>\n    <li class=\"col-md-3\">\n            <div class=\"box-round box-medium\"><div class=\"box-dummy\"><\/div><a class=\"box-inner\" href=\"https:\/\/multistation.com.br\/site\/about-us\/\" target=\"_self\"><i class=\"fa fa-windows\" data-animation=\"tada\"><\/i><\/a><\/div>                <h3 class=\"text-center\">\n                    <a href=\"https:\/\/multistation.com.br\/site\/about-us\/\"  target=\"_self\">\n                    Manuten\u00e7\u00e3o                    <\/a>\n                <\/h3>\n                <p class=\"text-center\">\n        Formata\u00e7\u00e3o e instala\u00e7\u00e3o de sistema operacional do Windows, tablets e smartphones.        <\/p>\n            <\/li>\n<\/ul>\n<\/div><\/div><\/div><\/section><section  class=\"section swatch-multistation-swatch section-normal has-bottom has-top \" ><div class=\"decor-top\"><svg class=\"decor\" height=\"100%\" preserveaspectratio=\"none\" version=\"1.1\" viewbox=\"0 0 100 100\" width=\"100%\" xmlns=\"http:\/\/www.w3.org\/2000\/svg\">\n  <path d=\"M0 100 L50 0 L100 100\" stroke-width=\"0\"><\/path>\n<\/svg>\n<\/div><div class=\"background-media\"><\/div><div class=\"background-overlay\" style=\"\"><\/div><div class=\"container\"><div class=\"row vertical-top\"><div class=\"col-md-6  text-default\" ><img decoding=\"async\" alt=\"\" src=\"https:\/\/multistation.com.br\/site\/wp-content\/uploads\/2020\/09\/custom-icon-iphone-black-300x300.png\" class=\"alignnone\"\/><\/div><div class=\"col-md-6  text-default\" ><h2 class=\"super hairline small-screen-center bordered-header\">Outros servi\u00e7os:<\/h2>\n<div class=\"list-fancy-icons\">\n    <div class=\"list-item\">\n                                    <div class=\"round\">\n                    <i class=\"fa fa-arrow-right\" data-animation=\"none\"><\/i>\n                <\/div>\n                                        <h3>2\u00ba VIA CRVL<\/h3>\n                            <p>Documento digital de seu carro e moto.<\/p>\n            <\/div>\n<\/div>\n<div class=\"list-fancy-icons\">\n    <div class=\"list-item\">\n                                    <div class=\"round\">\n                    <i class=\"fa fa-arrow-right\" data-animation=\"none\"><\/i>\n                <\/div>\n                                        <h3>CURRICULUM VITAE<\/h3>\n                            <p>Fa\u00e7a o seu curr\u00edculo pelo melhor pre\u00e7o.<\/p>\n            <\/div>\n<\/div>\n<div class=\"list-fancy-icons\">\n    <div class=\"list-item\">\n                                    <div class=\"round\">\n                    <i class=\"fa fa-arrow-right\" data-animation=\"none\"><\/i>\n                <\/div>\n                                        <h3>GRAVA\u00c7\u00c3O DE CD E DVD<\/h3>\n                            <p>Fa\u00e7a c\u00f3pias de seus arquivos, m\u00fasicas e v\u00eddeos.<\/p>\n            <\/div>\n<\/div>\n<\/div><\/div><\/div><div class=\"decor-bottom\"><svg class=\"decor\" height=\"100%\" preserveaspectratio=\"none\" version=\"1.1\" viewbox=\"0 0 100 100\" width=\"100%\" xmlns=\"http:\/\/www.w3.org\/2000\/svg\">\n  <path d=\"M0 100 L50 0 L100 100 L100 0 L0 0\" stroke-width=\"0\"><\/path>\n<\/svg>\n<\/div><\/section><section  class=\"section swatch-multistation-swatch section-normal has-bottom has-top \" ><div class=\"decor-top\"><svg class=\"decor\" height=\"100%\" preserveaspectratio=\"none\" version=\"1.1\" viewbox=\"0 0 100 100\" width=\"100%\" xmlns=\"http:\/\/www.w3.org\/2000\/svg\">\n  <path d=\"M0 100 L50 0 L100 100\" stroke-width=\"0\"><\/path>\n<\/svg>\n<\/div><div class=\"background-media\" style=\"background-image:url('https:\/\/multistation.com.br\/site\/wp-content\/uploads\/2020\/09\/games.jpg');background-repeat:no-repeat;background-size:cover;background-attachment:fixed;background-position:center 0%;\"><\/div><div class=\"background-overlay\" style=\"background-color:rgba(106,126,160,0.8)\"><\/div><div class=\"container\"><header class=\"section-header text-center underline\"><h1 class=\"headline super hairline\">Os melhores videogames voc\u00ea encontra aqui!<\/h1><\/header><div class=\"row vertical-top\"><div class=\"col-md-12  text-default\" ><ul class=\"list-unstyled row box-list\">\r\n    <li class=\"col-md-4\">\r\n        <div class=\"box-round box-big\"><div class=\"box-dummy\"><\/div><figure class=\"box-inner\"><img loading=\"lazy\" decoding=\"async\" width=\"600\" height=\"600\" src=\"https:\/\/multistation.com.br\/site\/wp-content\/uploads\/2020\/09\/ps-logo-600x600.png\" class=\"attachment-square-image size-square-image wp-post-image\" alt=\"\" srcset=\"https:\/\/multistation.com.br\/site\/wp-content\/uploads\/2020\/09\/ps-logo-600x600.png 600w, https:\/\/multistation.com.br\/site\/wp-content\/uploads\/2020\/09\/ps-logo-300x300.png 300w, https:\/\/multistation.com.br\/site\/wp-content\/uploads\/2020\/09\/ps-logo-100x100.png 100w, https:\/\/multistation.com.br\/site\/wp-content\/uploads\/2020\/09\/ps-logo-1024x1024.png 1024w, https:\/\/multistation.com.br\/site\/wp-content\/uploads\/2020\/09\/ps-logo-150x150.png 150w, https:\/\/multistation.com.br\/site\/wp-content\/uploads\/2020\/09\/ps-logo-768x768.png 768w, https:\/\/multistation.com.br\/site\/wp-content\/uploads\/2020\/09\/ps-logo.png 1324w\" sizes=\"auto, (max-width: 600px) 100vw, 600px\" \/><figcaption class=\"box-caption\"><h4><\/h4><p><\/p><\/figcaption><\/figure><\/div>        <h3 class=\"text-center\">            <a href=\"https:\/\/multistation.com.br\/site\/our-team\/playstation\/\"  target=\"_self\">PlayStation            <\/a>            <small class=\"block\">            <\/small>        <\/h3>            <p class=\"text-center\">\r\n                        <\/p>            <ul class=\"list-inline text-center social-icons social-simple\">            <\/ul>    <\/li>    <li class=\"col-md-4\">\r\n        <div class=\"box-round box-big\"><div class=\"box-dummy\"><\/div><figure class=\"box-inner\"><img loading=\"lazy\" decoding=\"async\" width=\"600\" height=\"560\" src=\"https:\/\/multistation.com.br\/site\/wp-content\/uploads\/2020\/09\/xbox-logo1-600x560.jpg\" class=\"attachment-square-image size-square-image wp-post-image\" alt=\"\" \/><figcaption class=\"box-caption\"><h4><\/h4><p><\/p><\/figcaption><\/figure><\/div>        <h3 class=\"text-center\">            <a href=\"https:\/\/multistation.com.br\/site\/our-team\/xbox\/\"  target=\"_self\">XBOX            <\/a>            <small class=\"block\">            <\/small>        <\/h3>            <p class=\"text-center\">\r\n                        <\/p>            <ul class=\"list-inline text-center social-icons social-simple\">            <\/ul>    <\/li>    <li class=\"col-md-4\">\r\n        <div class=\"box-round box-big\"><div class=\"box-dummy\"><\/div><figure class=\"box-inner\"><img loading=\"lazy\" decoding=\"async\" width=\"600\" height=\"600\" src=\"https:\/\/multistation.com.br\/site\/wp-content\/uploads\/2020\/09\/Nintendo_Switch_logo_square-600x600.png\" class=\"attachment-square-image size-square-image wp-post-image\" alt=\"\" srcset=\"https:\/\/multistation.com.br\/site\/wp-content\/uploads\/2020\/09\/Nintendo_Switch_logo_square-600x600.png 600w, https:\/\/multistation.com.br\/site\/wp-content\/uploads\/2020\/09\/Nintendo_Switch_logo_square-300x300.png 300w, https:\/\/multistation.com.br\/site\/wp-content\/uploads\/2020\/09\/Nintendo_Switch_logo_square-100x100.png 100w, https:\/\/multistation.com.br\/site\/wp-content\/uploads\/2020\/09\/Nintendo_Switch_logo_square-150x150.png 150w, https:\/\/multistation.com.br\/site\/wp-content\/uploads\/2020\/09\/Nintendo_Switch_logo_square.png 768w\" sizes=\"auto, (max-width: 600px) 100vw, 600px\" \/><figcaption class=\"box-caption\"><h4><\/h4><p><\/p><\/figcaption><\/figure><\/div>        <h3 class=\"text-center\">            <a href=\"https:\/\/multistation.com.br\/site\/our-team\/nintendo\/\"  target=\"_self\">Nintendo            <\/a>            <small class=\"block\">            <\/small>        <\/h3>            <p class=\"text-center\">\r\n                        <\/p>            <ul class=\"list-inline text-center social-icons social-simple\">            <\/ul>    <\/li><\/ul><\/div><\/div><\/div><div class=\"decor-bottom\"><svg class=\"decor\" height=\"100%\" preserveaspectratio=\"none\" version=\"1.1\" viewbox=\"0 0 100 100\" width=\"100%\" xmlns=\"http:\/\/www.w3.org\/2000\/svg\">\n  <path d=\"M0 100 L50 0 L100 100 L100 0 L0 0\" stroke-width=\"0\"><\/path>\n<\/svg>\n<\/div><\/section><section  class=\"section swatch-multistation-swatch section-normal has-top \" ><div class=\"decor-top\"><svg class=\"decor\" height=\"100%\" preserveaspectratio=\"none\" version=\"1.1\" viewbox=\"0 0 100 100\" width=\"100%\" xmlns=\"http:\/\/www.w3.org\/2000\/svg\">\n  <path d=\"M0 0 L50 100 L100 0 L100 100 L0 100\" stroke-width=\"0\"><\/path>\n<\/svg>\n<\/div><div class=\"background-media\"><\/div><div class=\"background-overlay\" style=\"\"><\/div><div class=\"container\"><header class=\"section-header text-center underline\"><h1 class=\"headline super hairline\">Jogos Dispon\u00edveis<\/h1><p>Confira alguns jogos dispon\u00edveis para jogatina na Multistation.<\/p><\/header><div class=\"row vertical-top\"><div class=\"col-md-12  text-default\" ><ul class=\"isotope-filters text-center\">\r\n    <li class=\"active\">\r\n        <a class=\"pseudo-border active\" data-filter=\"*\" href=\"#\">all<\/a>\r\n    <\/li>        <li><a class=\"pseudo-border\" data-filter=\".filter-ps4\" href=\"#\">PS4<\/a><\/li>        <li><a class=\"pseudo-border\" data-filter=\".filter-ps5\" href=\"#\">PS5<\/a><\/li><\/ul>\r\n<div class=\"portfolio isotope no-transition portfolio-square portfolio-shadows  row\">    <div class=\"portfolio-item infinite-item col-md-4 col-sm-4 filter-ps4\" >\r\n        <figure class=\"portfolio-figure\">\r\n            <a href=\"https:\/\/multistation.com.br\/site\/portfolio\/gallery-item-2\/\"  target=\"_self\" class=\" image-all\"  data-links=\"https:\/\/multistation.com.br\/site\/wp-content\/uploads\/2013\/11\/ee2b504a-6f82-49ed-a3f5-3539b9b85fb9.jpeg\" data-prev-text=\"Previous\" data-next-text=\"Next\"  title=\"Resident Evil 2 Remake\">\r\n                <img loading=\"lazy\" decoding=\"async\" width=\"240\" height=\"240\" src=\"https:\/\/multistation.com.br\/site\/wp-content\/uploads\/2020\/09\/RE2R-Square-e1601149604664.jpeg\" class=\"img-responsive wp-post-image\" alt=\"Resident Evil 2 Remake\" srcset=\"https:\/\/multistation.com.br\/site\/wp-content\/uploads\/2020\/09\/RE2R-Square-e1601149604664.jpeg 240w, https:\/\/multistation.com.br\/site\/wp-content\/uploads\/2020\/09\/RE2R-Square-e1601149604664-100x100.jpeg 100w\" sizes=\"auto, (max-width: 240px) 100vw, 240px\" \/>            <\/a>            <figcaption>                <h4>\r\n                    <a href=\"https:\/\/multistation.com.br\/site\/portfolio\/gallery-item-2\/\"  target=\"_self\">Resident Evil 2 Remake<\/a>\r\n                <\/h4>                <p>You think water moves fast? You should see ice.                <\/p>                <a class=\"magnific-gallery more image-all\" href=\"https:\/\/multistation.com.br\/site\/wp-content\/uploads\/2020\/09\/RE2R-Square-e1601149604664.jpeg\" title=\"Resident Evil 2 Remake \"  data-links=\"https:\/\/multistation.com.br\/site\/wp-content\/uploads\/2013\/11\/ee2b504a-6f82-49ed-a3f5-3539b9b85fb9.jpeg\" data-prev-text=\"Previous\" data-next-text=\"Next\"   >\r\n                    <i class=\"fa fa-search-plus\"><\/i>\r\n                <\/a>\r\n                <a class=\"link\" href=\"https:\/\/multistation.com.br\/site\/portfolio\/gallery-item-2\/\"  target=\"_self\">\r\n                    <i class=\"fa fa-link\"><\/i>\r\n                <\/a>\r\n            <\/figcaption>        <\/figure>\r\n    <\/div>\r\n        <div class=\"portfolio-item infinite-item col-md-4 col-sm-4 filter-ps5\" >\r\n        <figure class=\"portfolio-figure\">\r\n            <a href=\"https:\/\/multistation.com.br\/site\/portfolio\/resident-evil-3-remake\/\"  target=\"_self\" class=\" image-all\"  data-links=\"https:\/\/multistation.com.br\/site\/wp-content\/uploads\/2020\/09\/resident-evil-3-1-1280x720-1.jpg\" data-prev-text=\"Previous\" data-next-text=\"Next\"  title=\"Resident Evil 3 Remake\">\r\n                <img loading=\"lazy\" decoding=\"async\" width=\"240\" height=\"240\" src=\"https:\/\/multistation.com.br\/site\/wp-content\/uploads\/2020\/09\/RE3R-Square-240.png\" class=\"img-responsive wp-post-image\" alt=\"Resident Evil 3 Remake\" srcset=\"https:\/\/multistation.com.br\/site\/wp-content\/uploads\/2020\/09\/RE3R-Square-240.png 240w, https:\/\/multistation.com.br\/site\/wp-content\/uploads\/2020\/09\/RE3R-Square-240-100x100.png 100w, https:\/\/multistation.com.br\/site\/wp-content\/uploads\/2020\/09\/RE3R-Square-240-150x150.png 150w\" sizes=\"auto, (max-width: 240px) 100vw, 240px\" \/>            <\/a>            <figcaption>                <h4>\r\n                    <a href=\"https:\/\/multistation.com.br\/site\/portfolio\/resident-evil-3-remake\/\"  target=\"_self\">Resident Evil 3 Remake<\/a>\r\n                <\/h4>                <p>O cl\u00e1ssico Nemesis                <\/p>                <a class=\"magnific-gallery more image-all\" href=\"https:\/\/multistation.com.br\/site\/wp-content\/uploads\/2020\/09\/RE3R-Square-240.png\" title=\"Resident Evil 3 Remake \"  data-links=\"https:\/\/multistation.com.br\/site\/wp-content\/uploads\/2020\/09\/resident-evil-3-1-1280x720-1.jpg\" data-prev-text=\"Previous\" data-next-text=\"Next\"   >\r\n                    <i class=\"fa fa-search-plus\"><\/i>\r\n                <\/a>\r\n                <a class=\"link\" href=\"https:\/\/multistation.com.br\/site\/portfolio\/resident-evil-3-remake\/\"  target=\"_self\">\r\n                    <i class=\"fa fa-link\"><\/i>\r\n                <\/a>\r\n            <\/figcaption>        <\/figure>\r\n    <\/div>\r\n    <\/div><\/div><\/div><\/div><\/section><section  class=\"section swatch-white-red section-normal \" ><div class=\"background-media\"><\/div><div class=\"background-overlay\" style=\"\"><\/div><div class=\"container\"><header class=\"section-header text-center no-underline\"><h1 class=\"headline super hairline\">Produtos a venda<\/h1><p>Alguns de nossos produtos dispon\u00edveis para venda.<\/p><\/header><div class=\"row vertical-top\"><div class=\"col-md-12  text-default\" ><div id=\"flexslider-22\" class=\"flexslider feature-slider\" data-flex-itemwidth=250px data-flex-animation=\"slide\" data-flex-controlsalign=\"center\" data-flex-controlsposition=\"inside\" data-flex-directions=\"show\" data-flex-directions-type=\"simple\" data-flex-speed=\"7000\" data-flex-controls=\"hide\" data-flex-slideshow=\"true\" data-flex-duration=\"600\" data-flex-captionvertical=\"bottom\" data-flex-captionhorizontal=\"left\" data-flex-sliderdirection=\"horizontal\" data-flex-reverse=\"false\" data-flex-animationloop=\"true\"><ul class=\"slides\"><li><figure><img loading=\"lazy\" decoding=\"async\" width=\"500\" height=\"250\" src=\"https:\/\/multistation.com.br\/site\/wp-content\/uploads\/2020\/09\/pen-drive-16gb-usb-2-0-cruzer-blade-sandisk-frente-sd-500x250-1.png\" class=\"attachment-full size-full wp-post-image\" alt=\"\" data-original-title=\"Pendrive\" data-toggle=\"tooltip\" srcset=\"https:\/\/multistation.com.br\/site\/wp-content\/uploads\/2020\/09\/pen-drive-16gb-usb-2-0-cruzer-blade-sandisk-frente-sd-500x250-1.png 500w, https:\/\/multistation.com.br\/site\/wp-content\/uploads\/2020\/09\/pen-drive-16gb-usb-2-0-cruzer-blade-sandisk-frente-sd-500x250-1-300x150.png 300w\" sizes=\"auto, (max-width: 500px) 100vw, 500px\" \/><\/figure><\/li><li><figure><img loading=\"lazy\" decoding=\"async\" width=\"500\" height=\"250\" src=\"https:\/\/multistation.com.br\/site\/wp-content\/uploads\/2020\/09\/sd-16gb-usb-2-0-cruzer-blade-sandisk-frente-sd-500x250-1.png\" class=\"attachment-full size-full wp-post-image\" alt=\"\" data-original-title=\"Micro SD\" data-toggle=\"tooltip\" srcset=\"https:\/\/multistation.com.br\/site\/wp-content\/uploads\/2020\/09\/sd-16gb-usb-2-0-cruzer-blade-sandisk-frente-sd-500x250-1.png 500w, https:\/\/multistation.com.br\/site\/wp-content\/uploads\/2020\/09\/sd-16gb-usb-2-0-cruzer-blade-sandisk-frente-sd-500x250-1-300x150.png 300w\" sizes=\"auto, (max-width: 500px) 100vw, 500px\" \/><\/figure><\/li><li><figure><img loading=\"lazy\" decoding=\"async\" width=\"500\" height=\"250\" src=\"https:\/\/multistation.com.br\/site\/wp-content\/uploads\/2020\/09\/adaptador-SD.png\" class=\"attachment-full size-full wp-post-image\" alt=\"\" data-original-title=\"Adaptador de cart\u00f5es\" data-toggle=\"tooltip\" srcset=\"https:\/\/multistation.com.br\/site\/wp-content\/uploads\/2020\/09\/adaptador-SD.png 500w, https:\/\/multistation.com.br\/site\/wp-content\/uploads\/2020\/09\/adaptador-SD-300x150.png 300w\" sizes=\"auto, (max-width: 500px) 100vw, 500px\" \/><\/figure><\/li><li><figure><img loading=\"lazy\" decoding=\"async\" width=\"500\" height=\"250\" src=\"https:\/\/multistation.com.br\/site\/wp-content\/uploads\/2020\/09\/Modelo-para-o-site-Multistation-fone-500x250-1.png\" class=\"attachment-full size-full wp-post-image\" alt=\"\" data-original-title=\"Fone de ouvido\" data-toggle=\"tooltip\" srcset=\"https:\/\/multistation.com.br\/site\/wp-content\/uploads\/2020\/09\/Modelo-para-o-site-Multistation-fone-500x250-1.png 500w, https:\/\/multistation.com.br\/site\/wp-content\/uploads\/2020\/09\/Modelo-para-o-site-Multistation-fone-500x250-1-300x150.png 300w\" sizes=\"auto, (max-width: 500px) 100vw, 500px\" \/><\/figure><\/li><li><figure><img loading=\"lazy\" decoding=\"async\" width=\"500\" height=\"250\" src=\"https:\/\/multistation.com.br\/site\/wp-content\/uploads\/2020\/09\/carregador-samsung-micro-usb-5v-20a-branco-500x250-1.png\" class=\"attachment-full size-full wp-post-image\" alt=\"\" data-original-title=\"Carregadores\" data-toggle=\"tooltip\" srcset=\"https:\/\/multistation.com.br\/site\/wp-content\/uploads\/2020\/09\/carregador-samsung-micro-usb-5v-20a-branco-500x250-1.png 500w, https:\/\/multistation.com.br\/site\/wp-content\/uploads\/2020\/09\/carregador-samsung-micro-usb-5v-20a-branco-500x250-1-300x150.png 300w\" sizes=\"auto, (max-width: 500px) 100vw, 500px\" \/><\/figure><\/li><\/ul><\/div><\/div><\/div><\/div><\/section>\n","protected":false},"excerpt":{"rendered":"According to Kipling in his autobiography Something of Myself, posthumously published in 1937, the poem was inspired by Dr. Leander Starr Jameson, who in 1895 led a raid by British forces against the Boers in South Africa, subsequently called the Jameson Raid. This defeat increased the tensions that ultimately led to the Second Boer War.","protected":false},"author":1,"featured_media":0,"parent":0,"menu_order":0,"comment_status":"open","ping_status":"open","template":"","meta":{"footnotes":""},"class_list":["post-262","page","type-page","status-publish","hentry"],"_links":{"self":[{"href":"https:\/\/multistation.com.br\/site\/wp-json\/wp\/v2\/pages\/262","targetHints":{"allow":["GET"]}}],"collection":[{"href":"https:\/\/multistation.com.br\/site\/wp-json\/wp\/v2\/pages"}],"about":[{"href":"https:\/\/multistation.com.br\/site\/wp-json\/wp\/v2\/types\/page"}],"author":[{"embeddable":true,"href":"https:\/\/multistation.com.br\/site\/wp-json\/wp\/v2\/users\/1"}],"replies":[{"embeddable":true,"href":"https:\/\/multistation.com.br\/site\/wp-json\/wp\/v2\/comments?post=262"}],"version-history":[{"count":42,"href":"https:\/\/multistation.com.br\/site\/wp-json\/wp\/v2\/pages\/262\/revisions"}],"predecessor-version":[{"id":683,"href":"https:\/\/multistation.com.br\/site\/wp-json\/wp\/v2\/pages\/262\/revisions\/683"}],"wp:attachment":[{"href":"https:\/\/multistation.com.br\/site\/wp-json\/wp\/v2\/media?parent=262"}],"curies":[{"name":"wp","href":"https:\/\/api.w.org\/{rel}","templated":true}]}}